{"id":175,"date":"2013-11-27T20:23:53","date_gmt":"2013-11-27T20:23:53","guid":{"rendered":"http:\/\/localhost\/aosomi\/?page_id=175"},"modified":"2025-07-20T15:50:28","modified_gmt":"2025-07-20T08:50:28","slug":"gioi-thieu","status":"publish","type":"page","link":"https:\/\/ittgpro.com\/?page_id=175","title":{"rendered":"Gi\u1edbi thi\u1ec7u"},"content":{"rendered":"\t\t<div data-elementor-type=\"wp-page\" data-elementor-id=\"175\" class=\"elementor elementor-175\" data-elementor-post-type=\"page\">\n\t\t\t\t<div class=\"elementor-element elementor-element-5e1c48d2 e-con-full e-flex e-con e-parent\" data-id=\"5e1c48d2\" data-element_type=\"container\">\n\t\t\t\t<div class=\"elementor-element elementor-element-657839a9 elementor-widget elementor-widget-text-editor\" data-id=\"657839a9\" data-element_type=\"widget\" data-widget_type=\"text-editor.default\">\n\t\t\t\t\t\t\t\t\t<h1 style=\"text-align: center;\"><span style=\"font-size: 36pt;\"><strong><span style=\"font-family: 'times new roman', times, serif; color: #ff0000;\">TH\u1ed0NG GENI l\u00e0 ai?<\/span><\/strong><\/span><\/h1><p><span style=\"font-family: 'times new roman', times, serif; color: #000000; font-size: 18pt;\">T\u1ea1i Vi\u1ec7t Nam, IT l\u00e0 m\u1ed9t trong nh\u1eefng ng\u00e0nh ngh\u1ec1 kh\u00f4ng c\u00f2n m\u1ea5y xa l\u1ea1 v\u1edbi t\u1ea5t c\u1ea3 m\u1ecdi ng\u01b0\u1eddi.\u00a0Tuy nhi\u00ean v\u1edbi nh\u1eefng ng\u01b0\u1eddi mong mu\u1ed1n l\u00e0m vi\u1ec7c trong m\u00f4i tr\u01b0\u1eddng IT\u00a0Infrastructure hay c\u00f2n g\u1ecdi l\u00e0 IT H\u1ea1 T\u1ea7ng. Th\u00ec ch\u1eafc kh\u00f4ng c\u00f2n qu\u00e1 xa l\u1ea1 v\u1edbi c\u00e1i t\u00ean Th\u1ed1ng Geni (t\u00ean th\u1eadt L\u00fd V\u0103n Th\u1ed1ng)\u00a0m\u1ed9t IT, \u0111\u00e0o t\u1ea1o chuy\u00ean nghi\u1ec7p.<a href=\"https:\/\/ittgpro.com\/wp-content\/uploads\/2013\/11\/z6820578888557_bb171caa099c195cbc1e241652c68224.jpg\" rel=\"attachment wp-att-808\"><img fetchpriority=\"high\" decoding=\"async\" class=\"wp-image-808 alignleft\" src=\"https:\/\/ittgpro.com\/wp-content\/uploads\/2013\/11\/z6820578888557_bb171caa099c195cbc1e241652c68224-768x1024.jpg\" alt=\"z6820578888557_bb171caa099c195cbc1e241652c68224\" width=\"208\" height=\"277\" srcset=\"https:\/\/ittgpro.com\/wp-content\/uploads\/2013\/11\/z6820578888557_bb171caa099c195cbc1e241652c68224-768x1024.jpg 768w, https:\/\/ittgpro.com\/wp-content\/uploads\/2013\/11\/z6820578888557_bb171caa099c195cbc1e241652c68224-600x800.jpg 600w, https:\/\/ittgpro.com\/wp-content\/uploads\/2013\/11\/z6820578888557_bb171caa099c195cbc1e241652c68224-225x300.jpg 225w, https:\/\/ittgpro.com\/wp-content\/uploads\/2013\/11\/z6820578888557_bb171caa099c195cbc1e241652c68224.jpg 1920w\" sizes=\"(max-width: 208px) 100vw, 208px\" \/><\/a><br \/><\/span><\/p><p><span style=\"font-family: 'times new roman', times, serif; color: #000000; font-size: 18pt;\">V\u00e0o nh\u1eefng n\u0103m 20 tu\u1ed5i Th\u1ed1ng Geni ti\u1ec1n th\u00e2n t\u1eeb nh\u1eefng ng\u00e0nh ngh\u1ec1 k\u1ef9 thu\u1eadt vi\u00ean \u0111\u00e3 t\u1eebng m\u1ed9t th\u1eddi k\u1ef9 thu\u1eadt c\u1ef1c t\u1ed1t tr\u00ean con \u0111\u01b0\u1eddng T\u00f4n Th\u1ea5t T\u00f9ng, t\u1eebng \u0111\u1ee9ng ti\u1ec7m l\u00e0m qua c\u00e1c c\u1eeda h\u00e0ng l\u1edbn. Tuy nhi\u00ean v\u1eabn ch\u01b0a \u0111\u01b0\u1ee3c \u0111\u1ee7 \u0111\u1ebfn \u0111\u1ec9nh gi\u1edbi h\u1ea1n. N\u00ean quy\u1ebft t\u00e2m \u0111i h\u1ecdc s\u1eeda main board m\u1ea1ch chuy\u00ean s\u00e2u v\u1ec1 laptop. R\u1ea5t ti\u1ebfc kh\u00f4ng may m\u1eafn khi h\u1ecdc xong kh\u00f4ng th\u1ec3 xin vi\u1ec7c. 5 n\u0103m sau anh \u1ea5y l\u00e0m IT helpdesk \u0111\u01b0\u1ee3c nhi\u1ec1u anh em chia s\u1ebb ki\u1ebfn th\u1ee9c \u0111i h\u1ecdc qu\u1ea3n tr\u1ecb m\u1ea1ng, qu\u1ea3n tr\u1ecb server c\u01a1 b\u1ea3n v\u00e0 cao c\u1ea5p nh\u01b0 CCNA, CCNP, MCSA. Nh\u01b0ng v\u1eabn kh\u00f4ng may m\u1eafn khi h\u1ecdc xong v\u1eabn r\u1ea5t kh\u00f3 \u0111\u1ec3 c\u00f3 th\u1ec3 ch\u1ea1m \u0111\u1ebfn ng\u01b0\u1ee1ng IT Network\/ IT System.<a href=\"https:\/\/ittgpro.com\/wp-content\/uploads\/2013\/11\/z6820578850779_85bc3834ead90220672dcef9a0f78751.jpg\" rel=\"attachment wp-att-811\"><img decoding=\"async\" class=\"wp-image-811 alignleft\" src=\"https:\/\/ittgpro.com\/wp-content\/uploads\/2013\/11\/z6820578850779_85bc3834ead90220672dcef9a0f78751-768x1024.jpg\" alt=\"z6820578850779_85bc3834ead90220672dcef9a0f78751\" width=\"197\" height=\"262\" srcset=\"https:\/\/ittgpro.com\/wp-content\/uploads\/2013\/11\/z6820578850779_85bc3834ead90220672dcef9a0f78751-768x1024.jpg 768w, https:\/\/ittgpro.com\/wp-content\/uploads\/2013\/11\/z6820578850779_85bc3834ead90220672dcef9a0f78751-600x800.jpg 600w, https:\/\/ittgpro.com\/wp-content\/uploads\/2013\/11\/z6820578850779_85bc3834ead90220672dcef9a0f78751-225x300.jpg 225w, https:\/\/ittgpro.com\/wp-content\/uploads\/2013\/11\/z6820578850779_85bc3834ead90220672dcef9a0f78751.jpg 1920w\" sizes=\"(max-width: 197px) 100vw, 197px\" \/><\/a><\/span><\/p><p><span style=\"color: #000000; font-size: 18pt;\">27 tu\u1ed5i n\u1eafm tr\u1ecdn h\u1ec7 th\u1ed1ng c\u00f4ng ty.<\/span><br \/><span style=\"color: #000000; font-size: 18pt;\"> C\u00f3 v\u1ebb nh\u01b0 cu\u1ed9c s\u1ed1ng kh\u00f4ng ch\u1ed1i b\u1ecf m\u1ed9t ai. Cu\u1ed1i c\u00f9ng nh\u1edd s\u1ef1 n\u1ed7 l\u1ef1c anh \u1ea5y \u0111\u00e3 th\u1ea5u hi\u1ec3u \u0111\u01b0\u1ee3c t\u1ea5t c\u1ea3 c\u00e1c ki\u1ebfn th\u1ee9c, \u0111\u1ee5ng qua nhi\u1ec1u l\u1ed7i, \u0111\u01b0\u1ee3c qu\u1ea3n tr\u1ecb th\u1eb3ng v\u00e0o h\u1ec7 th\u1ed1ng m\u1ea1ng c\u00f4ng ty \u0111a qu\u1ed1c gia, h\u1ec7 th\u1ed1ng m\u00e1y ch\u1ee7 l\u1edbn \u0111\u1eb7t t\u1ea1i c\u00f4ng ty. V\u00ec nh\u1eefng \u0111i\u1ec1u \u0111\u1eb7c bi\u1ec7t \u0111\u00f3, ph\u01b0\u01a1ng ch\u00e2m n\u00f3i l\u00e0 l\u00e0m, anh \u1ea5y quy\u1ebft \u0111\u1ecbnh m\u1edf \u0111\u00e0o t\u1ea1o IT v\u1edbi m\u1ee5c \u0111\u00edch chia s\u1ebb t\u1ea5t c\u1ea3 c\u00e1c ki\u1ebfn th\u1ee9c, gi\u00fap cho c\u00e1c b\u1ea1n h\u1ecdc vi\u00ean theo h\u1ecdc d\u00f9 l\u00e0 &#8220;trang gi\u1ea5y tr\u1eafng- ch\u01b0a t\u1eebng bi\u1ebft v\u1ec1 IT &#8211; tr\u00e1i ng\u00e0nh&#8221; \u0111i l\u00e0m IT Helpdesk\/ IT Support \/ IT Executive trong th\u1eddi gian ng\u1eafn nh\u1ea5t c\u1ee5 th\u1ec3 l\u00e0 2 th\u00e1ng mang l\u1ea1i uy t\u00edn ch\u1ea5t l\u01b0\u1ee3ng cao.<\/span><\/p><p><span style=\"color: #000000; font-size: 18pt;\">T\u1ed5ng s\u1ed1 l\u01b0\u1ee3ng h\u1ecdc vi\u00ean IT Helpdesk\/ IT Support\/ IT Executive kh\u00f3a 1 k\u00e8m 1 \u0111\u00e3 \u0111\u00e0o t\u1ea1o l\u00e0 83 h\u1ecdc vi\u00ean. Ch\u01b0a d\u1eebng l\u1ea1i \u1edf \u0111\u00f3 a \u1ea5y \u0111ang ti\u1ebfn xa h\u01a1n m\u1edf th\u00eam kh\u00f3a \u0111\u00e0o t\u1ea1o v\u1ec1 IT Network\/ System<\/span><\/p><p><span style=\"color: #000000;\"><strong><span style=\"font-size: 18pt; font-family: 'times new roman', times, serif;\">\u0110\u1ed1i v\u1edbi anh \u1ea5y vi\u1ec7c \u0111\u00e0o t\u1ea1o l\u00e0 c\u1ef1c k\u1ef3 quan tr\u1ecdng. Kh\u00f4ng mu\u1ed1n c\u00e1c h\u1ecdc vi\u00ean ti\u1ebfp n\u1ed1i theo c\u00e1c sai l\u1ea7m c\u1ee7a qu\u00e1 kh\u1ee9, \u0111\u1ec3 r\u1ed3i r\u1ea5t kh\u00f3 xin vi\u1ec7c. N\u00ean c\u00e1c kh\u00f3a h\u1ecdc do a \u1ea5y t\u1ea1o ra r\u1ea5t k\u1ef9 l\u01b0\u1ee1ng chi ti\u1ebft v\u00e0 c\u0169ng ch\u00ednh anh \u1ea5y l\u00e0 ng\u01b0\u1eddi gi\u1ea3ng d\u1ea1y \u0111\u1ec3 \u0111\u1ea3m b\u1ea3o ch\u1ea5t l\u01b0\u1ee3ng 100%.<br \/>D\u01b0\u1edbi \u0111\u00e2y l\u00e0 k\u00eanh tiktok v\u00e0 youtube<\/span><\/strong><\/span><\/p><p><a href=\"https:\/\/ittgpro.com\/wp-content\/uploads\/2025\/07\/TikTok.png\" rel=\"https:\/\/www.tiktok.com\/@thonggeni123?is_from_webapp=1&amp;sender_device=pc\"><img decoding=\"async\" class=\"aligncenter wp-image-855 \" src=\"https:\/\/ittgpro.com\/wp-content\/uploads\/2025\/07\/TikTok.png\" alt=\"\" width=\"177\" height=\"69\" srcset=\"https:\/\/ittgpro.com\/wp-content\/uploads\/2025\/07\/TikTok.png 703w, https:\/\/ittgpro.com\/wp-content\/uploads\/2025\/07\/TikTok-300x117.png 300w, https:\/\/ittgpro.com\/wp-content\/uploads\/2025\/07\/TikTok-600x235.png 600w\" sizes=\"(max-width: 177px) 100vw, 177px\" \/><\/a> <a href=\"https:\/\/ittgpro.com\/wp-content\/uploads\/2025\/07\/youtube.png\" rel=\"https:\/\/www.youtube.com\/@thonggeni8241\"><img loading=\"lazy\" decoding=\"async\" class=\"aligncenter wp-image-856 \" src=\"https:\/\/ittgpro.com\/wp-content\/uploads\/2025\/07\/youtube.png\" alt=\"\" width=\"181\" height=\"81\" srcset=\"https:\/\/ittgpro.com\/wp-content\/uploads\/2025\/07\/youtube.png 405w, https:\/\/ittgpro.com\/wp-content\/uploads\/2025\/07\/youtube-300x135.png 300w\" sizes=\"(max-width: 181px) 100vw, 181px\" \/><\/a><br \/><a href=\"https:\/\/www.youtube.com\/@thonggeni8241\">K\u00eanh youtube<\/a>\u00a0<\/p><p><a href=\"https:\/\/www.tiktok.com\/@thonggeni123?is_from_webapp=1&amp;sender_device=pc\">K\u00eanh Tik Tok<\/a><\/p><p style=\"text-align: center;\">\u00a0<\/p>\t\t\t\t\t\t\t\t<\/div>\n\t\t\t\t<\/div>\n\t\t\t\t<\/div>\n\t\t","protected":false},"excerpt":{"rendered":"<p>TH\u1ed0NG GENI l\u00e0 ai? T\u1ea1i Vi\u1ec7t Nam, IT l\u00e0 m\u1ed9t trong nh\u1eefng ng\u00e0nh ngh\u1ec1 kh\u00f4ng c\u00f2n m\u1ea5y xa l\u1ea1 v\u1edbi t\u1ea5t c\u1ea3 m\u1ecdi ng\u01b0\u1eddi.\u00a0Tuy nhi\u00ean v\u1edbi nh\u1eefng ng\u01b0\u1eddi mong mu\u1ed1n l\u00e0m vi\u1ec7c trong m\u00f4i tr\u01b0\u1eddng IT\u00a0Infrastructure hay c\u00f2n g\u1ecdi l\u00e0 IT H\u1ea1 T\u1ea7ng. Th\u00ec ch\u1eafc kh\u00f4ng c\u00f2n qu\u00e1 xa l\u1ea1 v\u1edbi c\u00e1i t\u00ean Th\u1ed1ng Geni (t\u00ean th\u1eadt L\u00fd V\u0103n Th\u1ed1ng)\u00a0m\u1ed9t IT, \u0111\u00e0o t\u1ea1o chuy\u00ean nghi\u1ec7p. V\u00e0o nh\u1eefng n\u0103m 20 tu\u1ed5i Th\u1ed1ng Geni ti\u1ec1n th\u00e2n t\u1eeb nh\u1eefng ng\u00e0nh ngh\u1ec1 k\u1ef9 thu\u1eadt vi\u00ean \u0111\u00e3 t\u1eebng m\u1ed9t th\u1eddi k\u1ef9 thu\u1eadt c\u1ef1c t\u1ed1t tr\u00ean con \u0111\u01b0\u1eddng T\u00f4n Th\u1ea5t T\u00f9ng, t\u1eebng \u0111\u1ee9ng ti\u1ec7m&hellip;<\/p>\n","protected":false},"author":1,"featured_media":800,"parent":0,"menu_order":0,"comment_status":"closed","ping_status":"closed","template":"","meta":{"footnotes":""},"class_list":["post-175","page","type-page","status-publish","has-post-thumbnail","hentry"],"yoast_head":"<!-- This site is optimized with the Yoast SEO plugin v25.5 - https:\/\/yoast.com\/wordpress\/plugins\/seo\/ -->\n<title>Gi\u1edbi thi\u1ec7u - IT TGPRO<\/title>\n<meta name=\"description\" content=\"Thi\u1ebft k\u1ebf website wordpress uy t\u00edn, ch\u1ea5t l\u01b0\u1ee3ng t\u1ed1t nh\u1ea5t Vi\u1ec7t Nam\" \/>\n<meta name=\"robots\" content=\"index, follow, max-snippet:-1, max-image-preview:large, max-video-preview:-1\" \/>\n<link rel=\"canonical\" href=\"https:\/\/ittgpro.com\/?page_id=175\" \/>\n<meta property=\"og:locale\" content=\"vi_VN\" \/>\n<meta property=\"og:type\" content=\"article\" \/>\n<meta property=\"og:title\" content=\"Gi\u1edbi thi\u1ec7u - IT TGPRO\" \/>\n<meta property=\"og:description\" content=\"Thi\u1ebft k\u1ebf website wordpress uy t\u00edn, ch\u1ea5t l\u01b0\u1ee3ng t\u1ed1t nh\u1ea5t Vi\u1ec7t Nam\" \/>\n<meta property=\"og:url\" content=\"https:\/\/ittgpro.com\/?page_id=175\" \/>\n<meta property=\"og:site_name\" content=\"IT TGPRO\" \/>\n<meta property=\"article:publisher\" content=\"https:\/\/www.facebook.com\/profile.php?id=61574236297502\" \/>\n<meta property=\"article:modified_time\" content=\"2025-07-20T08:50:28+00:00\" \/>\n<meta property=\"og:image\" content=\"https:\/\/ittgpro.com\/wp-content\/uploads\/2025\/07\/cropped-LOGO.png\" \/>\n\t<meta property=\"og:image:width\" content=\"512\" \/>\n\t<meta property=\"og:image:height\" content=\"512\" \/>\n\t<meta property=\"og:image:type\" content=\"image\/png\" \/>\n<meta name=\"twitter:card\" content=\"summary_large_image\" \/>\n<meta name=\"twitter:label1\" content=\"\u01af\u1edbc t\u00ednh th\u1eddi gian \u0111\u1ecdc\" \/>\n\t<meta name=\"twitter:data1\" content=\"4 ph\u00fat\" \/>\n<script type=\"application\/ld+json\" class=\"yoast-schema-graph\">{\"@context\":\"https:\/\/schema.org\",\"@graph\":[{\"@type\":\"WebPage\",\"@id\":\"https:\/\/ittgpro.com\/?page_id=175\",\"url\":\"https:\/\/ittgpro.com\/?page_id=175\",\"name\":\"Gi\u1edbi thi\u1ec7u - IT TGPRO\",\"isPartOf\":{\"@id\":\"https:\/\/ittgpro.com\/#website\"},\"primaryImageOfPage\":{\"@id\":\"https:\/\/ittgpro.com\/?page_id=175#primaryimage\"},\"image\":{\"@id\":\"https:\/\/ittgpro.com\/?page_id=175#primaryimage\"},\"thumbnailUrl\":\"https:\/\/ittgpro.com\/wp-content\/uploads\/2025\/07\/cropped-LOGO.png\",\"datePublished\":\"2013-11-27T20:23:53+00:00\",\"dateModified\":\"2025-07-20T08:50:28+00:00\",\"description\":\"Thi\u1ebft k\u1ebf website wordpress uy t\u00edn, ch\u1ea5t l\u01b0\u1ee3ng t\u1ed1t nh\u1ea5t Vi\u1ec7t Nam\",\"breadcrumb\":{\"@id\":\"https:\/\/ittgpro.com\/?page_id=175#breadcrumb\"},\"inLanguage\":\"vi\",\"potentialAction\":[{\"@type\":\"ReadAction\",\"target\":[\"https:\/\/ittgpro.com\/?page_id=175\"]}]},{\"@type\":\"ImageObject\",\"inLanguage\":\"vi\",\"@id\":\"https:\/\/ittgpro.com\/?page_id=175#primaryimage\",\"url\":\"https:\/\/ittgpro.com\/wp-content\/uploads\/2025\/07\/cropped-LOGO.png\",\"contentUrl\":\"https:\/\/ittgpro.com\/wp-content\/uploads\/2025\/07\/cropped-LOGO.png\",\"width\":512,\"height\":512},{\"@type\":\"BreadcrumbList\",\"@id\":\"https:\/\/ittgpro.com\/?page_id=175#breadcrumb\",\"itemListElement\":[{\"@type\":\"ListItem\",\"position\":1,\"name\":\"Home\",\"item\":\"https:\/\/ittgpro.com\/\"},{\"@type\":\"ListItem\",\"position\":2,\"name\":\"Gi\u1edbi thi\u1ec7u\"}]},{\"@type\":\"WebSite\",\"@id\":\"https:\/\/ittgpro.com\/#website\",\"url\":\"https:\/\/ittgpro.com\/\",\"name\":\"IT TGPRO\",\"description\":\"&quot;L\u00d2&quot; TH\u1ef0C T\u1eacP IT CHUY\u00caN NGHI\u1ec6P\",\"publisher\":{\"@id\":\"https:\/\/ittgpro.com\/#organization\"},\"potentialAction\":[{\"@type\":\"SearchAction\",\"target\":{\"@type\":\"EntryPoint\",\"urlTemplate\":\"https:\/\/ittgpro.com\/?s={search_term_string}\"},\"query-input\":{\"@type\":\"PropertyValueSpecification\",\"valueRequired\":true,\"valueName\":\"search_term_string\"}}],\"inLanguage\":\"vi\"},{\"@type\":\"Organization\",\"@id\":\"https:\/\/ittgpro.com\/#organization\",\"name\":\"IT TGPRO\",\"url\":\"https:\/\/ittgpro.com\/\",\"logo\":{\"@type\":\"ImageObject\",\"inLanguage\":\"vi\",\"@id\":\"https:\/\/ittgpro.com\/#\/schema\/logo\/image\/\",\"url\":\"https:\/\/ittgpro.com\/wp-content\/uploads\/2025\/07\/cropped-logo.jpg\",\"contentUrl\":\"https:\/\/ittgpro.com\/wp-content\/uploads\/2025\/07\/cropped-logo.jpg\",\"width\":234,\"height\":59,\"caption\":\"IT TGPRO\"},\"image\":{\"@id\":\"https:\/\/ittgpro.com\/#\/schema\/logo\/image\/\"},\"sameAs\":[\"https:\/\/www.facebook.com\/profile.php?id=61574236297502\",\"https:\/\/www.tiktok.com\/@thonggeni123\",\"https:\/\/www.youtube.com\/@thonggeni8241\"]}]}<\/script>\n<!-- \/ Yoast SEO plugin. -->","yoast_head_json":{"title":"Gi\u1edbi thi\u1ec7u - IT TGPRO","description":"Thi\u1ebft k\u1ebf website wordpress uy t\u00edn, ch\u1ea5t l\u01b0\u1ee3ng t\u1ed1t nh\u1ea5t Vi\u1ec7t Nam","robots":{"index":"index","follow":"follow","max-snippet":"max-snippet:-1","max-image-preview":"max-image-preview:large","max-video-preview":"max-video-preview:-1"},"canonical":"https:\/\/ittgpro.com\/?page_id=175","og_locale":"vi_VN","og_type":"article","og_title":"Gi\u1edbi thi\u1ec7u - IT TGPRO","og_description":"Thi\u1ebft k\u1ebf website wordpress uy t\u00edn, ch\u1ea5t l\u01b0\u1ee3ng t\u1ed1t nh\u1ea5t Vi\u1ec7t Nam","og_url":"https:\/\/ittgpro.com\/?page_id=175","og_site_name":"IT TGPRO","article_publisher":"https:\/\/www.facebook.com\/profile.php?id=61574236297502","article_modified_time":"2025-07-20T08:50:28+00:00","og_image":[{"width":512,"height":512,"url":"https:\/\/ittgpro.com\/wp-content\/uploads\/2025\/07\/cropped-LOGO.png","type":"image\/png"}],"twitter_card":"summary_large_image","twitter_misc":{"\u01af\u1edbc t\u00ednh th\u1eddi gian \u0111\u1ecdc":"4 ph\u00fat"},"schema":{"@context":"https:\/\/schema.org","@graph":[{"@type":"WebPage","@id":"https:\/\/ittgpro.com\/?page_id=175","url":"https:\/\/ittgpro.com\/?page_id=175","name":"Gi\u1edbi thi\u1ec7u - IT TGPRO","isPartOf":{"@id":"https:\/\/ittgpro.com\/#website"},"primaryImageOfPage":{"@id":"https:\/\/ittgpro.com\/?page_id=175#primaryimage"},"image":{"@id":"https:\/\/ittgpro.com\/?page_id=175#primaryimage"},"thumbnailUrl":"https:\/\/ittgpro.com\/wp-content\/uploads\/2025\/07\/cropped-LOGO.png","datePublished":"2013-11-27T20:23:53+00:00","dateModified":"2025-07-20T08:50:28+00:00","description":"Thi\u1ebft k\u1ebf website wordpress uy t\u00edn, ch\u1ea5t l\u01b0\u1ee3ng t\u1ed1t nh\u1ea5t Vi\u1ec7t Nam","breadcrumb":{"@id":"https:\/\/ittgpro.com\/?page_id=175#breadcrumb"},"inLanguage":"vi","potentialAction":[{"@type":"ReadAction","target":["https:\/\/ittgpro.com\/?page_id=175"]}]},{"@type":"ImageObject","inLanguage":"vi","@id":"https:\/\/ittgpro.com\/?page_id=175#primaryimage","url":"https:\/\/ittgpro.com\/wp-content\/uploads\/2025\/07\/cropped-LOGO.png","contentUrl":"https:\/\/ittgpro.com\/wp-content\/uploads\/2025\/07\/cropped-LOGO.png","width":512,"height":512},{"@type":"BreadcrumbList","@id":"https:\/\/ittgpro.com\/?page_id=175#breadcrumb","itemListElement":[{"@type":"ListItem","position":1,"name":"Home","item":"https:\/\/ittgpro.com\/"},{"@type":"ListItem","position":2,"name":"Gi\u1edbi thi\u1ec7u"}]},{"@type":"WebSite","@id":"https:\/\/ittgpro.com\/#website","url":"https:\/\/ittgpro.com\/","name":"IT TGPRO","description":"&quot;L\u00d2&quot; TH\u1ef0C T\u1eacP IT CHUY\u00caN NGHI\u1ec6P","publisher":{"@id":"https:\/\/ittgpro.com\/#organization"},"potentialAction":[{"@type":"SearchAction","target":{"@type":"EntryPoint","urlTemplate":"https:\/\/ittgpro.com\/?s={search_term_string}"},"query-input":{"@type":"PropertyValueSpecification","valueRequired":true,"valueName":"search_term_string"}}],"inLanguage":"vi"},{"@type":"Organization","@id":"https:\/\/ittgpro.com\/#organization","name":"IT TGPRO","url":"https:\/\/ittgpro.com\/","logo":{"@type":"ImageObject","inLanguage":"vi","@id":"https:\/\/ittgpro.com\/#\/schema\/logo\/image\/","url":"https:\/\/ittgpro.com\/wp-content\/uploads\/2025\/07\/cropped-logo.jpg","contentUrl":"https:\/\/ittgpro.com\/wp-content\/uploads\/2025\/07\/cropped-logo.jpg","width":234,"height":59,"caption":"IT TGPRO"},"image":{"@id":"https:\/\/ittgpro.com\/#\/schema\/logo\/image\/"},"sameAs":["https:\/\/www.facebook.com\/profile.php?id=61574236297502","https:\/\/www.tiktok.com\/@thonggeni123","https:\/\/www.youtube.com\/@thonggeni8241"]}]}},"_links":{"self":[{"href":"https:\/\/ittgpro.com\/index.php?rest_route=\/wp\/v2\/pages\/175","targetHints":{"allow":["GET"]}}],"collection":[{"href":"https:\/\/ittgpro.com\/index.php?rest_route=\/wp\/v2\/pages"}],"about":[{"href":"https:\/\/ittgpro.com\/index.php?rest_route=\/wp\/v2\/types\/page"}],"author":[{"embeddable":true,"href":"https:\/\/ittgpro.com\/index.php?rest_route=\/wp\/v2\/users\/1"}],"replies":[{"embeddable":true,"href":"https:\/\/ittgpro.com\/index.php?rest_route=%2Fwp%2Fv2%2Fcomments&post=175"}],"version-history":[{"count":32,"href":"https:\/\/ittgpro.com\/index.php?rest_route=\/wp\/v2\/pages\/175\/revisions"}],"predecessor-version":[{"id":863,"href":"https:\/\/ittgpro.com\/index.php?rest_route=\/wp\/v2\/pages\/175\/revisions\/863"}],"wp:featuredmedia":[{"embeddable":true,"href":"https:\/\/ittgpro.com\/index.php?rest_route=\/wp\/v2\/media\/800"}],"wp:attachment":[{"href":"https:\/\/ittgpro.com\/index.php?rest_route=%2Fwp%2Fv2%2Fmedia&parent=175"}],"curies":[{"name":"wp","href":"https:\/\/api.w.org\/{rel}","templated":true}]}}