{"id":178,"date":"2013-11-27T20:29:57","date_gmt":"2013-11-27T20:29:57","guid":{"rendered":"http:\/\/localhost\/aosomi\/?page_id=178"},"modified":"2018-01-08T22:07:44","modified_gmt":"2018-01-08T15:07:44","slug":"lien-he","status":"publish","type":"page","link":"https:\/\/ittgpro.com\/?page_id=178","title":{"rendered":"Li\u00ean h\u1ec7"},"content":{"rendered":"<div class=\"row pt-10\">\n<div class=\"col-md-8\">\n<h4 class=\"mt-0 mb-30 line-bottom-theme-colored-2\">T\u00ecm \u0111\u1ecba ch\u1ec9 tr\u00ean Google<\/h4>\n<div id=\"popupstring1\" class=\"map-popupstring hidden\">\n<div class=\"text-center\">\n<h3>V\u0103n ph\u00f2ng \u0111\u1ea1i di\u1ec7n<\/h3>\n<p>C\u1ea7u Di\u1ec5n, T\u1eeb Li\u00eam, H\u00e0 N\u1ed9i<\/p>\n<\/div>\n<\/div>\n<p><iframe style=\"border: 0;\" src=\"https:\/\/www.google.com\/maps\/embed?pb=!1m18!1m12!1m3!1d29791.19305647874!2d105.74731228872251!3d21.036721609121905!2m3!1f0!2f0!3f0!3m2!1i1024!2i768!4f13.1!3m3!1m2!1s0x313454b8cddfeb8f%3A0xbd53553464686565!2zQ-G6p3UgRGnhu4VuLCBOYW0gVOG7qyBMacOqbSwgSMOgIE7hu5lpLCBWaeG7h3QgTmFt!5e0!3m2!1svi!2s!4v1515423472909\" width=\"600\" height=\"450\" frameborder=\"0\" allowfullscreen=\"allowfullscreen\"><\/iframe><\/p>\n<\/div>\n<div class=\"col-md-4\">\n<h4 class=\"mt-0 mb-30 line-bottom-theme-colored-2\">G\u1eedi g\u00f3p \u00fd c\u1ee7a b\u1ea1n<\/h4>\n\n<div class=\"wpcf7 no-js\" id=\"wpcf7-f478-o1\" lang=\"vi\" dir=\"ltr\" data-wpcf7-id=\"478\">\n<div class=\"screen-reader-response\"><p role=\"status\" aria-live=\"polite\" aria-atomic=\"true\"><\/p> <ul><\/ul><\/div>\n<form action=\"\/index.php?rest_route=%2Fwp%2Fv2%2Fpages%2F178#wpcf7-f478-o1\" method=\"post\" class=\"wpcf7-form init\" aria-label=\"Form li\u00ean h\u1ec7\" novalidate=\"novalidate\" data-status=\"init\">\n<fieldset class=\"hidden-fields-container\"><input type=\"hidden\" name=\"_wpcf7\" value=\"478\" \/><input type=\"hidden\" name=\"_wpcf7_version\" value=\"6.1\" \/><input type=\"hidden\" name=\"_wpcf7_locale\" value=\"vi\" \/><input type=\"hidden\" name=\"_wpcf7_unit_tag\" value=\"wpcf7-f478-o1\" \/><input type=\"hidden\" name=\"_wpcf7_container_post\" value=\"0\" \/><input type=\"hidden\" name=\"_wpcf7_posted_data_hash\" value=\"\" \/>\n<\/fieldset>\n<p><label> H\u1ecd t\u00ean <span class=\"require\">(*)<\/span><br \/>\n<span class=\"wpcf7-form-control-wrap\" data-name=\"your-name\"><input size=\"40\" maxlength=\"400\" class=\"wpcf7-form-control wpcf7-text wpcf7-validates-as-required\" aria-required=\"true\" aria-invalid=\"false\" value=\"\" type=\"text\" name=\"your-name\" \/><\/span> <\/label>\n<\/p>\n<p><label> \u0110i\u1ec7n tho\u1ea1i <span class=\"require\">(*)<\/span><br \/>\n<span class=\"wpcf7-form-control-wrap\" data-name=\"your-phone\"><input size=\"40\" maxlength=\"400\" class=\"wpcf7-form-control wpcf7-text wpcf7-validates-as-required\" aria-required=\"true\" aria-invalid=\"false\" value=\"\" type=\"text\" name=\"your-phone\" \/><\/span> <\/label>\n<\/p>\n<p><label> \u0110\u1ecba ch\u1ec9 Email <span class=\"require\">(*)<\/span><br \/>\n<span class=\"wpcf7-form-control-wrap\" data-name=\"your-email\"><input size=\"40\" maxlength=\"400\" class=\"wpcf7-form-control wpcf7-email wpcf7-validates-as-required wpcf7-text wpcf7-validates-as-email\" aria-required=\"true\" aria-invalid=\"false\" value=\"\" type=\"email\" name=\"your-email\" \/><\/span> <\/label>\n<\/p>\n<p><span class=\"wpcf7-form-control-wrap\" data-name=\"khoa-hoc\"><select class=\"wpcf7-form-control wpcf7-select\" aria-invalid=\"false\" name=\"khoa-hoc\"><option value=\"Kho\u00e1 h\u1ecdc Autocad\">Kho\u00e1 h\u1ecdc Autocad<\/option><option value=\"Kho\u00e1 h\u1ecdc 3DMAX\">Kho\u00e1 h\u1ecdc 3DMAX<\/option><option value=\"Kho\u00e1 h\u1ecdc Photoshop\">Kho\u00e1 h\u1ecdc Photoshop<\/option><\/select><\/span>\n<\/p>\n<p><input class=\"wpcf7-form-control wpcf7-submit has-spinner\" type=\"submit\" value=\"\u0110\u0103ng k\u00fd\" \/>\n<\/p><div class=\"wpcf7-response-output\" aria-hidden=\"true\"><\/div>\n<\/form>\n<\/div>\n\n<\/div>\n<\/div>\n","protected":false},"excerpt":{"rendered":"<p>T\u00ecm \u0111\u1ecba ch\u1ec9 tr\u00ean Google V\u0103n ph\u00f2ng \u0111\u1ea1i di\u1ec7n C\u1ea7u Di\u1ec5n, T\u1eeb Li\u00eam, H\u00e0 N\u1ed9i G\u1eedi g\u00f3p \u00fd c\u1ee7a b\u1ea1n<\/p>\n","protected":false},"author":1,"featured_media":0,"parent":0,"menu_order":0,"comment_status":"closed","ping_status":"closed","template":"","meta":{"footnotes":""},"class_list":["post-178","page","type-page","status-publish","hentry"],"yoast_head":"<!-- This site is optimized with the Yoast SEO plugin v25.5 - https:\/\/yoast.com\/wordpress\/plugins\/seo\/ -->\n<title>Li\u00ean h\u1ec7 - IT TGPRO<\/title>\n<meta name=\"description\" content=\"Thi\u1ebft k\u1ebf website wordpress uy t\u00edn, ch\u1ea5t l\u01b0\u1ee3ng t\u1ed1t nh\u1ea5t Vi\u1ec7t Nam\" \/>\n<meta name=\"robots\" content=\"index, follow, max-snippet:-1, max-image-preview:large, max-video-preview:-1\" \/>\n<link rel=\"canonical\" href=\"https:\/\/ittgpro.com\/?page_id=178\" \/>\n<meta property=\"og:locale\" content=\"vi_VN\" \/>\n<meta property=\"og:type\" content=\"article\" \/>\n<meta property=\"og:title\" content=\"Li\u00ean h\u1ec7 - IT TGPRO\" \/>\n<meta property=\"og:description\" content=\"Thi\u1ebft k\u1ebf website wordpress uy t\u00edn, ch\u1ea5t l\u01b0\u1ee3ng t\u1ed1t nh\u1ea5t Vi\u1ec7t Nam\" \/>\n<meta property=\"og:url\" content=\"https:\/\/ittgpro.com\/?page_id=178\" \/>\n<meta property=\"og:site_name\" content=\"IT TGPRO\" \/>\n<meta property=\"article:publisher\" content=\"https:\/\/www.facebook.com\/profile.php?id=61574236297502\" \/>\n<meta property=\"article:modified_time\" content=\"2018-01-08T15:07:44+00:00\" \/>\n<meta name=\"twitter:card\" content=\"summary_large_image\" \/>\n<script type=\"application\/ld+json\" class=\"yoast-schema-graph\">{\"@context\":\"https:\/\/schema.org\",\"@graph\":[{\"@type\":\"WebPage\",\"@id\":\"https:\/\/ittgpro.com\/?page_id=178\",\"url\":\"https:\/\/ittgpro.com\/?page_id=178\",\"name\":\"Li\u00ean h\u1ec7 - IT TGPRO\",\"isPartOf\":{\"@id\":\"https:\/\/ittgpro.com\/#website\"},\"datePublished\":\"2013-11-27T20:29:57+00:00\",\"dateModified\":\"2018-01-08T15:07:44+00:00\",\"description\":\"Thi\u1ebft k\u1ebf website wordpress uy t\u00edn, ch\u1ea5t l\u01b0\u1ee3ng t\u1ed1t nh\u1ea5t Vi\u1ec7t Nam\",\"breadcrumb\":{\"@id\":\"https:\/\/ittgpro.com\/?page_id=178#breadcrumb\"},\"inLanguage\":\"vi\",\"potentialAction\":[{\"@type\":\"ReadAction\",\"target\":[\"https:\/\/ittgpro.com\/?page_id=178\"]}]},{\"@type\":\"BreadcrumbList\",\"@id\":\"https:\/\/ittgpro.com\/?page_id=178#breadcrumb\",\"itemListElement\":[{\"@type\":\"ListItem\",\"position\":1,\"name\":\"Home\",\"item\":\"https:\/\/ittgpro.com\/\"},{\"@type\":\"ListItem\",\"position\":2,\"name\":\"Li\u00ean h\u1ec7\"}]},{\"@type\":\"WebSite\",\"@id\":\"https:\/\/ittgpro.com\/#website\",\"url\":\"https:\/\/ittgpro.com\/\",\"name\":\"IT TGPRO\",\"description\":\"&quot;L\u00d2&quot; TH\u1ef0C T\u1eacP IT CHUY\u00caN NGHI\u1ec6P\",\"publisher\":{\"@id\":\"https:\/\/ittgpro.com\/#organization\"},\"potentialAction\":[{\"@type\":\"SearchAction\",\"target\":{\"@type\":\"EntryPoint\",\"urlTemplate\":\"https:\/\/ittgpro.com\/?s={search_term_string}\"},\"query-input\":{\"@type\":\"PropertyValueSpecification\",\"valueRequired\":true,\"valueName\":\"search_term_string\"}}],\"inLanguage\":\"vi\"},{\"@type\":\"Organization\",\"@id\":\"https:\/\/ittgpro.com\/#organization\",\"name\":\"IT TGPRO\",\"url\":\"https:\/\/ittgpro.com\/\",\"logo\":{\"@type\":\"ImageObject\",\"inLanguage\":\"vi\",\"@id\":\"https:\/\/ittgpro.com\/#\/schema\/logo\/image\/\",\"url\":\"https:\/\/ittgpro.com\/wp-content\/uploads\/2025\/07\/cropped-logo.jpg\",\"contentUrl\":\"https:\/\/ittgpro.com\/wp-content\/uploads\/2025\/07\/cropped-logo.jpg\",\"width\":234,\"height\":59,\"caption\":\"IT TGPRO\"},\"image\":{\"@id\":\"https:\/\/ittgpro.com\/#\/schema\/logo\/image\/\"},\"sameAs\":[\"https:\/\/www.facebook.com\/profile.php?id=61574236297502\",\"https:\/\/www.tiktok.com\/@thonggeni123\",\"https:\/\/www.youtube.com\/@thonggeni8241\"]}]}<\/script>\n<!-- \/ Yoast SEO plugin. -->","yoast_head_json":{"title":"Li\u00ean h\u1ec7 - IT TGPRO","description":"Thi\u1ebft k\u1ebf website wordpress uy t\u00edn, ch\u1ea5t l\u01b0\u1ee3ng t\u1ed1t nh\u1ea5t Vi\u1ec7t Nam","robots":{"index":"index","follow":"follow","max-snippet":"max-snippet:-1","max-image-preview":"max-image-preview:large","max-video-preview":"max-video-preview:-1"},"canonical":"https:\/\/ittgpro.com\/?page_id=178","og_locale":"vi_VN","og_type":"article","og_title":"Li\u00ean h\u1ec7 - IT TGPRO","og_description":"Thi\u1ebft k\u1ebf website wordpress uy t\u00edn, ch\u1ea5t l\u01b0\u1ee3ng t\u1ed1t nh\u1ea5t Vi\u1ec7t Nam","og_url":"https:\/\/ittgpro.com\/?page_id=178","og_site_name":"IT TGPRO","article_publisher":"https:\/\/www.facebook.com\/profile.php?id=61574236297502","article_modified_time":"2018-01-08T15:07:44+00:00","twitter_card":"summary_large_image","schema":{"@context":"https:\/\/schema.org","@graph":[{"@type":"WebPage","@id":"https:\/\/ittgpro.com\/?page_id=178","url":"https:\/\/ittgpro.com\/?page_id=178","name":"Li\u00ean h\u1ec7 - IT TGPRO","isPartOf":{"@id":"https:\/\/ittgpro.com\/#website"},"datePublished":"2013-11-27T20:29:57+00:00","dateModified":"2018-01-08T15:07:44+00:00","description":"Thi\u1ebft k\u1ebf website wordpress uy t\u00edn, ch\u1ea5t l\u01b0\u1ee3ng t\u1ed1t nh\u1ea5t Vi\u1ec7t Nam","breadcrumb":{"@id":"https:\/\/ittgpro.com\/?page_id=178#breadcrumb"},"inLanguage":"vi","potentialAction":[{"@type":"ReadAction","target":["https:\/\/ittgpro.com\/?page_id=178"]}]},{"@type":"BreadcrumbList","@id":"https:\/\/ittgpro.com\/?page_id=178#breadcrumb","itemListElement":[{"@type":"ListItem","position":1,"name":"Home","item":"https:\/\/ittgpro.com\/"},{"@type":"ListItem","position":2,"name":"Li\u00ean h\u1ec7"}]},{"@type":"WebSite","@id":"https:\/\/ittgpro.com\/#website","url":"https:\/\/ittgpro.com\/","name":"IT TGPRO","description":"&quot;L\u00d2&quot; TH\u1ef0C T\u1eacP IT CHUY\u00caN NGHI\u1ec6P","publisher":{"@id":"https:\/\/ittgpro.com\/#organization"},"potentialAction":[{"@type":"SearchAction","target":{"@type":"EntryPoint","urlTemplate":"https:\/\/ittgpro.com\/?s={search_term_string}"},"query-input":{"@type":"PropertyValueSpecification","valueRequired":true,"valueName":"search_term_string"}}],"inLanguage":"vi"},{"@type":"Organization","@id":"https:\/\/ittgpro.com\/#organization","name":"IT TGPRO","url":"https:\/\/ittgpro.com\/","logo":{"@type":"ImageObject","inLanguage":"vi","@id":"https:\/\/ittgpro.com\/#\/schema\/logo\/image\/","url":"https:\/\/ittgpro.com\/wp-content\/uploads\/2025\/07\/cropped-logo.jpg","contentUrl":"https:\/\/ittgpro.com\/wp-content\/uploads\/2025\/07\/cropped-logo.jpg","width":234,"height":59,"caption":"IT TGPRO"},"image":{"@id":"https:\/\/ittgpro.com\/#\/schema\/logo\/image\/"},"sameAs":["https:\/\/www.facebook.com\/profile.php?id=61574236297502","https:\/\/www.tiktok.com\/@thonggeni123","https:\/\/www.youtube.com\/@thonggeni8241"]}]}},"_links":{"self":[{"href":"https:\/\/ittgpro.com\/index.php?rest_route=\/wp\/v2\/pages\/178","targetHints":{"allow":["GET"]}}],"collection":[{"href":"https:\/\/ittgpro.com\/index.php?rest_route=\/wp\/v2\/pages"}],"about":[{"href":"https:\/\/ittgpro.com\/index.php?rest_route=\/wp\/v2\/types\/page"}],"author":[{"embeddable":true,"href":"https:\/\/ittgpro.com\/index.php?rest_route=\/wp\/v2\/users\/1"}],"replies":[{"embeddable":true,"href":"https:\/\/ittgpro.com\/index.php?rest_route=%2Fwp%2Fv2%2Fcomments&post=178"}],"version-history":[{"count":16,"href":"https:\/\/ittgpro.com\/index.php?rest_route=\/wp\/v2\/pages\/178\/revisions"}],"predecessor-version":[{"id":685,"href":"https:\/\/ittgpro.com\/index.php?rest_route=\/wp\/v2\/pages\/178\/revisions\/685"}],"wp:attachment":[{"href":"https:\/\/ittgpro.com\/index.php?rest_route=%2Fwp%2Fv2%2Fmedia&parent=178"}],"curies":[{"name":"wp","href":"https:\/\/api.w.org\/{rel}","templated":true}]}}