{"id":2,"date":"2013-11-20T19:41:43","date_gmt":"2013-11-20T19:41:43","guid":{"rendered":"http:\/\/localhost\/aosomi\/?page_id=2"},"modified":"2018-03-20T06:32:46","modified_gmt":"2018-03-19T23:32:46","slug":"lich-khai-giang","status":"publish","type":"page","link":"https:\/\/ittgpro.com\/?page_id=2","title":{"rendered":"L\u1ecbch khai gi\u1ea3ng"},"content":{"rendered":"<p><strong>SenXanh Team<\/strong>\u00a0t\u1eadp h\u1ee3p nh\u1eefng l\u1eadp tr\u00ecnh vi\u00ean tr\u1ebb tu\u1ed5i, nhi\u1ec7t huy\u1ebft v\u00e0 c\u00f3 tinh th\u1ea7n tr\u00e1ch nhi\u1ec7m cao trong c\u00f4ng vi\u1ec7c, c\u00f3 tr\u00ecnh \u0111\u1ed9 cao trong l\u0129nh v\u1ef1c thi\u1ebft k\u1ebf website v\u00e0 internet marketting, \u0111\u01b0\u1ee3c h\u1ed7 tr\u1ee3 b\u1edfi nh\u1eefng th\u00e0nh vi\u00ean c\u00f3 kinh nghi\u1ec7m l\u00e2u n\u0103m, ch\u00fang t\u00f4i t\u1ef1 tin mang \u0111\u1ebfn cho kh\u00e1ch h\u00e0ng nh\u1eefng s\u1ea3n ph\u1ea9m v\u00e0 d\u1ecbch v\u1ee5 t\u1ed1t nh\u1ea5t.<\/p>\n<p>Ch\u00fang t\u00f4i l\u00e0m vi\u1ec7c v\u1edbi ni\u1ec1m \u0111am m\u00ea v\u00e0 ch\u1eef \u2018<strong>t\u00e2m<\/strong>\u2018 \u0111\u1eb7t tr\u00ean t\u1ea5t c\u1ea3. T\u1ea5t c\u1ea3 m\u1ecdi th\u00e0nh vi\u00ean c\u1ee7a SenXanh \u0111\u1ec1u l\u00e0m vi\u1ec7c v\u1edbi tinh th\u1ea7n \u0111o\u00e0n k\u1ebft, s\u1ef1 trung th\u1ef1c, v\u00e0 tr\u00e1ch nhi\u1ec7m cao nh\u1ea5t v\u1edbi c\u00f4ng vi\u1ec7c v\u00e0 nhi\u1ec7m v\u1ee5 c\u1ee7a m\u00ecnh.<\/p>\n","protected":false},"excerpt":{"rendered":"<p>SenXanh Team\u00a0t\u1eadp h\u1ee3p nh\u1eefng l\u1eadp tr\u00ecnh vi\u00ean tr\u1ebb tu\u1ed5i, nhi\u1ec7t huy\u1ebft v\u00e0 c\u00f3 tinh th\u1ea7n tr\u00e1ch nhi\u1ec7m cao trong c\u00f4ng vi\u1ec7c, c\u00f3 tr\u00ecnh \u0111\u1ed9 cao trong l\u0129nh v\u1ef1c thi\u1ebft k\u1ebf website v\u00e0 internet marketting, \u0111\u01b0\u1ee3c h\u1ed7 tr\u1ee3 b\u1edfi nh\u1eefng th\u00e0nh vi\u00ean c\u00f3 kinh nghi\u1ec7m l\u00e2u n\u0103m, ch\u00fang t\u00f4i t\u1ef1 tin mang \u0111\u1ebfn cho kh\u00e1ch h\u00e0ng nh\u1eefng s\u1ea3n ph\u1ea9m v\u00e0 d\u1ecbch v\u1ee5 t\u1ed1t nh\u1ea5t. Ch\u00fang t\u00f4i l\u00e0m vi\u1ec7c v\u1edbi ni\u1ec1m \u0111am m\u00ea v\u00e0 ch\u1eef \u2018t\u00e2m\u2018 \u0111\u1eb7t tr\u00ean t\u1ea5t c\u1ea3. T\u1ea5t c\u1ea3 m\u1ecdi th\u00e0nh vi\u00ean c\u1ee7a SenXanh \u0111\u1ec1u l\u00e0m vi\u1ec7c v\u1edbi tinh th\u1ea7n \u0111o\u00e0n k\u1ebft, s\u1ef1 trung th\u1ef1c, v\u00e0 tr\u00e1ch&hellip;<\/p>\n","protected":false},"author":1,"featured_media":0,"parent":0,"menu_order":0,"comment_status":"open","ping_status":"open","template":"","meta":{"footnotes":""},"class_list":["post-2","page","type-page","status-publish","hentry"],"yoast_head":"<!-- This site is optimized with the Yoast SEO plugin v25.5 - https:\/\/yoast.com\/wordpress\/plugins\/seo\/ -->\n<title>L\u1ecbch khai gi\u1ea3ng - IT TGPRO<\/title>\n<meta name=\"description\" content=\"Thi\u1ebft k\u1ebf website wordpress uy t\u00edn, ch\u1ea5t l\u01b0\u1ee3ng t\u1ed1t nh\u1ea5t Vi\u1ec7t Nam\" \/>\n<meta name=\"robots\" content=\"index, follow, max-snippet:-1, max-image-preview:large, max-video-preview:-1\" \/>\n<link rel=\"canonical\" href=\"https:\/\/ittgpro.com\/?page_id=2\" \/>\n<meta property=\"og:locale\" content=\"vi_VN\" \/>\n<meta property=\"og:type\" content=\"article\" \/>\n<meta property=\"og:title\" content=\"L\u1ecbch khai gi\u1ea3ng - IT TGPRO\" \/>\n<meta property=\"og:description\" content=\"Thi\u1ebft k\u1ebf website wordpress uy t\u00edn, ch\u1ea5t l\u01b0\u1ee3ng t\u1ed1t nh\u1ea5t Vi\u1ec7t Nam\" \/>\n<meta property=\"og:url\" content=\"https:\/\/ittgpro.com\/?page_id=2\" \/>\n<meta property=\"og:site_name\" content=\"IT TGPRO\" \/>\n<meta property=\"article:publisher\" content=\"https:\/\/www.facebook.com\/profile.php?id=61574236297502\" \/>\n<meta property=\"article:modified_time\" content=\"2018-03-19T23:32:46+00:00\" \/>\n<meta name=\"twitter:card\" content=\"summary_large_image\" \/>\n<meta name=\"twitter:label1\" content=\"\u01af\u1edbc t\u00ednh th\u1eddi gian \u0111\u1ecdc\" \/>\n\t<meta name=\"twitter:data1\" content=\"1 ph\u00fat\" \/>\n<script type=\"application\/ld+json\" class=\"yoast-schema-graph\">{\"@context\":\"https:\/\/schema.org\",\"@graph\":[{\"@type\":\"WebPage\",\"@id\":\"https:\/\/ittgpro.com\/?page_id=2\",\"url\":\"https:\/\/ittgpro.com\/?page_id=2\",\"name\":\"L\u1ecbch khai gi\u1ea3ng - IT TGPRO\",\"isPartOf\":{\"@id\":\"https:\/\/ittgpro.com\/#website\"},\"datePublished\":\"2013-11-20T19:41:43+00:00\",\"dateModified\":\"2018-03-19T23:32:46+00:00\",\"description\":\"Thi\u1ebft k\u1ebf website wordpress uy t\u00edn, ch\u1ea5t l\u01b0\u1ee3ng t\u1ed1t nh\u1ea5t Vi\u1ec7t Nam\",\"breadcrumb\":{\"@id\":\"https:\/\/ittgpro.com\/?page_id=2#breadcrumb\"},\"inLanguage\":\"vi\",\"potentialAction\":[{\"@type\":\"ReadAction\",\"target\":[\"https:\/\/ittgpro.com\/?page_id=2\"]}]},{\"@type\":\"BreadcrumbList\",\"@id\":\"https:\/\/ittgpro.com\/?page_id=2#breadcrumb\",\"itemListElement\":[{\"@type\":\"ListItem\",\"position\":1,\"name\":\"Home\",\"item\":\"https:\/\/ittgpro.com\/\"},{\"@type\":\"ListItem\",\"position\":2,\"name\":\"L\u1ecbch khai gi\u1ea3ng\"}]},{\"@type\":\"WebSite\",\"@id\":\"https:\/\/ittgpro.com\/#website\",\"url\":\"https:\/\/ittgpro.com\/\",\"name\":\"IT TGPRO\",\"description\":\"&quot;L\u00d2&quot; TH\u1ef0C T\u1eacP IT CHUY\u00caN NGHI\u1ec6P\",\"publisher\":{\"@id\":\"https:\/\/ittgpro.com\/#organization\"},\"potentialAction\":[{\"@type\":\"SearchAction\",\"target\":{\"@type\":\"EntryPoint\",\"urlTemplate\":\"https:\/\/ittgpro.com\/?s={search_term_string}\"},\"query-input\":{\"@type\":\"PropertyValueSpecification\",\"valueRequired\":true,\"valueName\":\"search_term_string\"}}],\"inLanguage\":\"vi\"},{\"@type\":\"Organization\",\"@id\":\"https:\/\/ittgpro.com\/#organization\",\"name\":\"IT TGPRO\",\"url\":\"https:\/\/ittgpro.com\/\",\"logo\":{\"@type\":\"ImageObject\",\"inLanguage\":\"vi\",\"@id\":\"https:\/\/ittgpro.com\/#\/schema\/logo\/image\/\",\"url\":\"https:\/\/ittgpro.com\/wp-content\/uploads\/2025\/07\/cropped-logo.jpg\",\"contentUrl\":\"https:\/\/ittgpro.com\/wp-content\/uploads\/2025\/07\/cropped-logo.jpg\",\"width\":234,\"height\":59,\"caption\":\"IT TGPRO\"},\"image\":{\"@id\":\"https:\/\/ittgpro.com\/#\/schema\/logo\/image\/\"},\"sameAs\":[\"https:\/\/www.facebook.com\/profile.php?id=61574236297502\",\"https:\/\/www.tiktok.com\/@thonggeni123\",\"https:\/\/www.youtube.com\/@thonggeni8241\"]}]}<\/script>\n<!-- \/ Yoast SEO plugin. -->","yoast_head_json":{"title":"L\u1ecbch khai gi\u1ea3ng - IT TGPRO","description":"Thi\u1ebft k\u1ebf website wordpress uy t\u00edn, ch\u1ea5t l\u01b0\u1ee3ng t\u1ed1t nh\u1ea5t Vi\u1ec7t Nam","robots":{"index":"index","follow":"follow","max-snippet":"max-snippet:-1","max-image-preview":"max-image-preview:large","max-video-preview":"max-video-preview:-1"},"canonical":"https:\/\/ittgpro.com\/?page_id=2","og_locale":"vi_VN","og_type":"article","og_title":"L\u1ecbch khai gi\u1ea3ng - IT TGPRO","og_description":"Thi\u1ebft k\u1ebf website wordpress uy t\u00edn, ch\u1ea5t l\u01b0\u1ee3ng t\u1ed1t nh\u1ea5t Vi\u1ec7t Nam","og_url":"https:\/\/ittgpro.com\/?page_id=2","og_site_name":"IT TGPRO","article_publisher":"https:\/\/www.facebook.com\/profile.php?id=61574236297502","article_modified_time":"2018-03-19T23:32:46+00:00","twitter_card":"summary_large_image","twitter_misc":{"\u01af\u1edbc t\u00ednh th\u1eddi gian \u0111\u1ecdc":"1 ph\u00fat"},"schema":{"@context":"https:\/\/schema.org","@graph":[{"@type":"WebPage","@id":"https:\/\/ittgpro.com\/?page_id=2","url":"https:\/\/ittgpro.com\/?page_id=2","name":"L\u1ecbch khai gi\u1ea3ng - IT TGPRO","isPartOf":{"@id":"https:\/\/ittgpro.com\/#website"},"datePublished":"2013-11-20T19:41:43+00:00","dateModified":"2018-03-19T23:32:46+00:00","description":"Thi\u1ebft k\u1ebf website wordpress uy t\u00edn, ch\u1ea5t l\u01b0\u1ee3ng t\u1ed1t nh\u1ea5t Vi\u1ec7t Nam","breadcrumb":{"@id":"https:\/\/ittgpro.com\/?page_id=2#breadcrumb"},"inLanguage":"vi","potentialAction":[{"@type":"ReadAction","target":["https:\/\/ittgpro.com\/?page_id=2"]}]},{"@type":"BreadcrumbList","@id":"https:\/\/ittgpro.com\/?page_id=2#breadcrumb","itemListElement":[{"@type":"ListItem","position":1,"name":"Home","item":"https:\/\/ittgpro.com\/"},{"@type":"ListItem","position":2,"name":"L\u1ecbch khai gi\u1ea3ng"}]},{"@type":"WebSite","@id":"https:\/\/ittgpro.com\/#website","url":"https:\/\/ittgpro.com\/","name":"IT TGPRO","description":"&quot;L\u00d2&quot; TH\u1ef0C T\u1eacP IT CHUY\u00caN NGHI\u1ec6P","publisher":{"@id":"https:\/\/ittgpro.com\/#organization"},"potentialAction":[{"@type":"SearchAction","target":{"@type":"EntryPoint","urlTemplate":"https:\/\/ittgpro.com\/?s={search_term_string}"},"query-input":{"@type":"PropertyValueSpecification","valueRequired":true,"valueName":"search_term_string"}}],"inLanguage":"vi"},{"@type":"Organization","@id":"https:\/\/ittgpro.com\/#organization","name":"IT TGPRO","url":"https:\/\/ittgpro.com\/","logo":{"@type":"ImageObject","inLanguage":"vi","@id":"https:\/\/ittgpro.com\/#\/schema\/logo\/image\/","url":"https:\/\/ittgpro.com\/wp-content\/uploads\/2025\/07\/cropped-logo.jpg","contentUrl":"https:\/\/ittgpro.com\/wp-content\/uploads\/2025\/07\/cropped-logo.jpg","width":234,"height":59,"caption":"IT TGPRO"},"image":{"@id":"https:\/\/ittgpro.com\/#\/schema\/logo\/image\/"},"sameAs":["https:\/\/www.facebook.com\/profile.php?id=61574236297502","https:\/\/www.tiktok.com\/@thonggeni123","https:\/\/www.youtube.com\/@thonggeni8241"]}]}},"_links":{"self":[{"href":"https:\/\/ittgpro.com\/index.php?rest_route=\/wp\/v2\/pages\/2","targetHints":{"allow":["GET"]}}],"collection":[{"href":"https:\/\/ittgpro.com\/index.php?rest_route=\/wp\/v2\/pages"}],"about":[{"href":"https:\/\/ittgpro.com\/index.php?rest_route=\/wp\/v2\/types\/page"}],"author":[{"embeddable":true,"href":"https:\/\/ittgpro.com\/index.php?rest_route=\/wp\/v2\/users\/1"}],"replies":[{"embeddable":true,"href":"https:\/\/ittgpro.com\/index.php?rest_route=%2Fwp%2Fv2%2Fcomments&post=2"}],"version-history":[{"count":5,"href":"https:\/\/ittgpro.com\/index.php?rest_route=\/wp\/v2\/pages\/2\/revisions"}],"predecessor-version":[{"id":797,"href":"https:\/\/ittgpro.com\/index.php?rest_route=\/wp\/v2\/pages\/2\/revisions\/797"}],"wp:attachment":[{"href":"https:\/\/ittgpro.com\/index.php?rest_route=%2Fwp%2Fv2%2Fmedia&parent=2"}],"curies":[{"name":"wp","href":"https:\/\/api.w.org\/{rel}","templated":true}]}}